{"id":641,"date":"2021-08-31T10:53:09","date_gmt":"2021-08-31T10:53:09","guid":{"rendered":"http:\/\/yunde.nl\/?page_id=641"},"modified":"2022-01-24T20:50:44","modified_gmt":"2022-01-24T20:50:44","slug":"wushu-vocabulaire-woordenboek","status":"publish","type":"page","link":"https:\/\/yunde.nl\/en\/over-wushu\/wushu-vocabulaire-woordenboek\/","title":{"rendered":"Wushu Vocabulary \/ Dictionary"},"content":{"rendered":"<p>No matter what you study, it&#8217;s always helpful to familiarize yourself with the vocabulary of the subject sooner than later. The same goes for Wushu. If you&#8217;re determined to learn about Wushu (techniques, history, etc.), it helps to learn about Chinese Culture and Language. If you want to learn Chinese pronunciation, it helps to learn <a href=\"https:\/\/en.wikipedia.org\/wiki\/Pinyin\" target=\"_blank\" rel=\"noopener\">Pinyin<\/a> (Chinese Phonetics) first.<\/p>\n<p>As for Wushu related vocabulary, here&#8217;s a good starting point:<\/p>\n<h2>Basic concepts:<\/h2>\n<table width=\"600\" cellspacing=\"0\" cellpadding=\"0\" border=\"0\">\n<tbody>\n<tr>\n<td width=\"142\" bgcolor=\"#CCCCCC\"><strong>English<\/strong><\/td>\n<td width=\"140\" bgcolor=\"#CCCCCC\"><strong>Pinyin<\/strong><\/td>\n<td width=\"122\" bgcolor=\"#CCCCCC\"><strong>Chinese<\/strong><\/td>\n<td width=\"196\" bgcolor=\"#CCCCCC\"><strong>Remarks<\/strong><\/td>\n<\/tr>\n<tr>\n<td>Wushu<\/td>\n<td>W\u01d4sh\u00f9<\/td>\n<td>\u6b66\u672f<\/td>\n<td>&nbsp;<\/td>\n<\/tr>\n<tr>\n<td>Tai Chi<\/td>\n<td>T\u00e0ij\u00ed<\/td>\n<td>\u592a\u6781<\/td>\n<td>&nbsp;<\/td>\n<\/tr>\n<tr>\n<td>Qi Gong<\/td>\n<td>Q\u00ecg\u014dng<\/td>\n<td>\u6c14\u529f<\/td>\n<td>&nbsp;<\/td>\n<\/tr>\n<tr>\n<td>Kung Fu<\/td>\n<td>G\u014dngf\u016b<\/td>\n<td>\u529f\u592b<\/td>\n<td>&nbsp;<\/td>\n<\/tr>\n<tr>\n<td>Form \/ Set<\/td>\n<td>T\u00e0ol\u00f9<\/td>\n<td>\u5957\u8def<\/td>\n<td>Refers to the forms \/ sets of movements we practice<\/td>\n<\/tr>\n<tr>\n<td>Basics<\/td>\n<td>J\u012bb\u011bng\u014dng<\/td>\n<td>\u57fa\u672c\u529f<\/td>\n<td>Refers to the basic movements one must continuously practice to perfect the techniques.<\/td>\n<\/tr>\n<tr>\n<td>School<\/td>\n<td>Xu\u00e9xi\u00e0o<\/td>\n<td>\u5b66\u6821<\/td>\n<td>This is the literal meaning of school. you can also use this when talking about an elementary school or any other type of educational institution.<\/td>\n<\/tr>\n<tr>\n<td>School \/ Clan<\/td>\n<td>M\u00e9np\u00e0i<\/td>\n<td>\u95e8\u6d3e<\/td>\n<td>This refers to the type of school and the style they practice. A few examples of well-know clans are Shaolin, Wudang, Emei (Bak Mei) and Cai Li Fo (Choi Lee Fat)<\/td>\n<\/tr>\n<tr>\n<td>Gym \/ Dojo<\/td>\n<td>W\u01d4 gu\u01cen<\/td>\n<td>\u6b66\u9986<\/td>\n<td>&nbsp;<\/td>\n<\/tr>\n<tr>\n<td>China<\/td>\n<td>Zh\u014dnggu\u00f3<\/td>\n<td>\u4e2d\u56fd<\/td>\n<td>&nbsp;<\/td>\n<\/tr>\n<tr>\n<td>Chinese language<\/td>\n<td>Zh\u014dngw\u00e9n<\/td>\n<td>\u4e2d\u6587<\/td>\n<td>&nbsp;<\/td>\n<\/tr>\n<tr>\n<td>Chinese people<\/td>\n<td>Zh\u014dnggu\u00f3 r\u00e9n<\/td>\n<td>\u4e2d\u56fd\u4eba<\/td>\n<td>&nbsp;<\/td>\n<\/tr>\n<tr>\n<td>Chinese culture<\/td>\n<td>Zh\u014dnggu\u00f3 w\u00e9nhu\u00e0<\/td>\n<td>\u4e2d\u56fd\u6587\u5316<\/td>\n<td>&nbsp;<\/td>\n<\/tr>\n<tr>\n<td>Northern Styles<\/td>\n<td>B\u011bi qu\u00e1n \/ Ch\u00e1ng qu\u00e1n<\/td>\n<td>\u5317\u62f3 \/ \u957f\u62f3<\/td>\n<td>&nbsp;<\/td>\n<\/tr>\n<tr>\n<td>Southern Styles<\/td>\n<td>N\u00e1n qu\u00e1n<\/td>\n<td>\u5357\u62f3<\/td>\n<td>&nbsp;<\/td>\n<\/tr>\n<\/tbody>\n<\/table>\n<p>&nbsp;<\/p>\n<h2>Appellation:<\/h2>\n<p>In Chinese culture, the way you address someone can be complicated and depends on what your relation with them is, their age, their position within a lineage, the level of respect you want to express and many other variables.<\/p>\n<p>Each school copes differently with these terms and etiquettes and we encourage everyone to respect and adapt to the culture and etiquette of their own school or environment.<br \/>\nAt our school, we prefer a bit of a modern approach. We have students from many different countries, cultures and backgrounds, so acceptance, inclusiveness and mutual respect are important here. Therefore, you can just call the teacher Laoshi (\u8001\u5e08), which means exactly that: <em>teacher<\/em>. It&#8217;s a respectful yet friendly way to address this person, without establishing a complex hierarchy with which you implicate a certain degree of respect or skill. We&#8217;re all people and we&#8217;re all here to help one another.<\/p>\n<p>I won&#8217;t bother you with the full extent of this subject (you may do your own research), but here are a few useful terms to learn when you first start your martial journey:<\/p>\n<table width=\"600\" cellspacing=\"0\" cellpadding=\"0\" border=\"0\">\n<tbody>\n<tr>\n<td width=\"102\" bgcolor=\"#CCCCCC\"><strong>English<\/strong><\/td>\n<td width=\"126\" bgcolor=\"#CCCCCC\"><strong>Pinyin<\/strong><\/td>\n<td width=\"176\" bgcolor=\"#CCCCCC\"><strong>Chinese<\/strong><\/td>\n<td width=\"196\" bgcolor=\"#CCCCCC\"><strong>Remarks<\/strong><\/td>\n<\/tr>\n<tr>\n<td>Teacher<\/td>\n<td>L\u01ceosh\u012b<\/td>\n<td>\u8001\u5e08<\/td>\n<td>&nbsp;<\/td>\n<\/tr>\n<tr>\n<td>Coach<\/td>\n<td>Ji\u00e0oli\u00e0n<\/td>\n<td>\u6559\u7ec3<\/td>\n<td>&nbsp;<\/td>\n<\/tr>\n<tr>\n<td>Master<\/td>\n<td>Sh\u012bf\u00f9<\/td>\n<td>\u5e08\u5085 \u3001 \u5e08\u7236<\/td>\n<td>\u5e08\u5085 is a general term that expresses respect towards someone who practices a certain profession. You can use it with anyone (from a car mechanic to a cook or a Wushu teacher), to show that they&#8217;re a respected specialist. It&#8217;s never good to call yourself a Shifu though.<\/p>\n<p>\u5e08\u7236 Is used to refer to your &#8216;personal master&#8217;, someone who has accepted you as their disciple. The pronunciation is the same as the above term, but the character \u7236 means father and this term is therefore used to describe your master as a sort of father-figure.<\/td>\n<\/tr>\n<tr>\n<td>Your master&#8217;s master or father<\/td>\n<td>Sh\u012by\u00e9<\/td>\n<td>\u5e08\u7237<\/td>\n<td>&nbsp;<\/td>\n<\/tr>\n<tr>\n<td>Your master&#8217;s wife<\/td>\n<td>Sh\u012bm\u01d4<\/td>\n<td>\u5e08\u6bcd<\/td>\n<td>&nbsp;<\/td>\n<\/tr>\n<tr>\n<td>Your older Kung Fu brother<\/td>\n<td>Sh\u012bxi\u014dng<\/td>\n<td>\u5e08\u5144<\/td>\n<td>&#8220;Older&#8221; doesn&#8217;t refer to age here, but rather how long someone has trained with this Shifu. Your Shixiong can therefore be younger than you.<\/td>\n<\/tr>\n<tr>\n<td>Your younger Kung Fu brother<\/td>\n<td>Sh\u012bd\u00ec<\/td>\n<td>\u5e08\u5f1f<\/td>\n<td>&nbsp;<\/td>\n<\/tr>\n<tr>\n<td>Your older Kung Fu sister<\/td>\n<td>Sh\u012bji\u011b<\/td>\n<td>\u5e08\u59d0<\/td>\n<td>&nbsp;<\/td>\n<\/tr>\n<tr>\n<td>Your younger Kung Fu sister<\/td>\n<td>Sh\u012bm\u00e8i<\/td>\n<td>\u5e08\u59b9<\/td>\n<td>&nbsp;<\/td>\n<\/tr>\n<tr>\n<td>Disciple<\/td>\n<td>T\u00fad\u00ec \/ D\u00ecz\u01d0<\/td>\n<td>\u5f92\u5f1f \/ \u5f1f\u5b50<\/td>\n<td>&nbsp;<\/td>\n<\/tr>\n<\/tbody>\n<\/table>\n<p>&nbsp;<\/p>\n<h2>Body Parts &amp; Techniques:<\/h2>\n<table width=\"600\" cellspacing=\"0\" cellpadding=\"0\" border=\"0\">\n<tbody>\n<tr>\n<td width=\"102\" bgcolor=\"#CCCCCC\"><strong>English<\/strong><\/td>\n<td width=\"126\" bgcolor=\"#CCCCCC\"><strong>Pinyin<\/strong><\/td>\n<td width=\"176\" bgcolor=\"#CCCCCC\"><strong>Chinese<\/strong><\/td>\n<td width=\"196\" bgcolor=\"#CCCCCC\"><strong>Remarks<\/strong><\/td>\n<\/tr>\n<tr>\n<td>Fist<\/td>\n<td>Qu\u00e1n<\/td>\n<td>\u62f3<\/td>\n<td>Da Quan (\u6253\u62f3) = Hitting with the first or fighting, Bao Quan (\u62b1\u62f3) = making\/holding a first<\/td>\n<\/tr>\n<tr>\n<td>Palm<\/td>\n<td>Zh\u01ceng<\/td>\n<td>\u638c<\/td>\n<td>Tui Zhang (\u63a8\u638c) = Puching with the palm, Chuan Zhang (\u7a7f\u638c) = Piercing with the Palm<\/td>\n<\/tr>\n<tr>\n<td>Leg<\/td>\n<td>Tu\u01d0<\/td>\n<td>\u817f<\/td>\n<td>&nbsp;<\/td>\n<\/tr>\n<tr>\n<td>Foot<\/td>\n<td>Ji\u01ceo<\/td>\n<td>\u811a<\/td>\n<td>&nbsp;<\/td>\n<\/tr>\n<tr>\n<td>Knee<\/td>\n<td>X\u012bg\u00e0i<\/td>\n<td>\u819d\u76d6<\/td>\n<td>&nbsp;<\/td>\n<\/tr>\n<tr>\n<td>Arm<\/td>\n<td>G\u0113b\u00f3<\/td>\n<td>\u80f3\u818a<\/td>\n<td>&nbsp;<\/td>\n<\/tr>\n<tr>\n<td>Elbow<\/td>\n<td>Zh\u01d2u<\/td>\n<td>\u8098<\/td>\n<td>Ding Zhou (\u9876\u8098) = Elbow strike<\/td>\n<\/tr>\n<tr>\n<td>Kicking<\/td>\n<td>T\u012b<\/td>\n<td>\u8e22<\/td>\n<td>&nbsp;<\/td>\n<\/tr>\n<tr>\n<td>Punch \/ hit<\/td>\n<td>D\u01ce<\/td>\n<td>\u6253<\/td>\n<td>&nbsp;<\/td>\n<\/tr>\n<tr>\n<td>Jumping<\/td>\n<td>Ti\u00e0o<\/td>\n<td>\u8df3<\/td>\n<td>&nbsp;<\/td>\n<\/tr>\n<tr>\n<td>Balance<\/td>\n<td>P\u00edngh\u00e9ng<\/td>\n<td>\u5e73\u8861<\/td>\n<td>&nbsp;<\/td>\n<\/tr>\n<tr>\n<td>Fast<\/td>\n<td>Ku\u00e0i<\/td>\n<td>\u5feb<\/td>\n<td>&nbsp;<\/td>\n<\/tr>\n<tr>\n<td>Slow<\/td>\n<td>M\u00e0n<\/td>\n<td>\u6162<\/td>\n<td>&nbsp;<\/td>\n<\/tr>\n<tr>\n<td>Horse Stance<\/td>\n<td>M\u01ce b\u00f9<\/td>\n<td>\u9a6c\u6b65<\/td>\n<td>&nbsp;<\/td>\n<\/tr>\n<tr>\n<td>Bow Stance<\/td>\n<td>G\u014dng b\u00f9<\/td>\n<td>\u5f13\u6b65<\/td>\n<td>&nbsp;<\/td>\n<\/tr>\n<tr>\n<td>Crouching Stance<\/td>\n<td>P\u016b b\u00f9<\/td>\n<td>\u4ec6\u6b65<\/td>\n<td>&nbsp;<\/td>\n<\/tr>\n<tr>\n<td>Empty Stance<\/td>\n<td>X\u016b b\u00f9<\/td>\n<td>\u865a\u6b65<\/td>\n<td>&nbsp;<\/td>\n<\/tr>\n<tr>\n<td>Attacking<\/td>\n<td>G\u014dngj\u00ed<\/td>\n<td>\u653b\u51fb<\/td>\n<td>&nbsp;<\/td>\n<\/tr>\n<tr>\n<td>Defending<\/td>\n<td>F\u00e1ngsh\u01d2u<\/td>\n<td>\u9632\u5b88<\/td>\n<td>&nbsp;<\/td>\n<\/tr>\n<\/tbody>\n<\/table>","protected":false},"excerpt":{"rendered":"<div class=\"mh-excerpt\"><p>No matter what you study, it&#8217;s always helpful to familiarize yourself with the vocabulary of the subject sooner than later. The same goes for Wushu. <a class=\"mh-excerpt-more\" href=\"https:\/\/yunde.nl\/en\/over-wushu\/wushu-vocabulaire-woordenboek\/\" title=\"Wushu Vocabulary \/ Dictionary\">[&#8230;]<\/a><\/p>\n<\/div>","protected":false},"author":1,"featured_media":0,"parent":639,"menu_order":0,"comment_status":"closed","ping_status":"closed","template":"","meta":{"footnotes":""},"class_list":["post-641","page","type-page","status-publish","hentry"],"_links":{"self":[{"href":"https:\/\/yunde.nl\/en\/wp-json\/wp\/v2\/pages\/641"}],"collection":[{"href":"https:\/\/yunde.nl\/en\/wp-json\/wp\/v2\/pages"}],"about":[{"href":"https:\/\/yunde.nl\/en\/wp-json\/wp\/v2\/types\/page"}],"author":[{"embeddable":true,"href":"https:\/\/yunde.nl\/en\/wp-json\/wp\/v2\/users\/1"}],"replies":[{"embeddable":true,"href":"https:\/\/yunde.nl\/en\/wp-json\/wp\/v2\/comments?post=641"}],"version-history":[{"count":18,"href":"https:\/\/yunde.nl\/en\/wp-json\/wp\/v2\/pages\/641\/revisions"}],"predecessor-version":[{"id":953,"href":"https:\/\/yunde.nl\/en\/wp-json\/wp\/v2\/pages\/641\/revisions\/953"}],"up":[{"embeddable":true,"href":"https:\/\/yunde.nl\/en\/wp-json\/wp\/v2\/pages\/639"}],"wp:attachment":[{"href":"https:\/\/yunde.nl\/en\/wp-json\/wp\/v2\/media?parent=641"}],"curies":[{"name":"wp","href":"https:\/\/api.w.org\/{rel}","templated":true}]}}